{"id":3,"date":"2020-05-27T02:17:09","date_gmt":"2020-05-27T02:17:09","guid":{"rendered":"http:\/\/icee-mexico.com\/?page_id=3"},"modified":"2020-06-30T06:48:21","modified_gmt":"2020-06-30T06:48:21","slug":"privacy-policy","status":"publish","type":"page","link":"https:\/\/icee-mexico.com\/index.php\/privacy-policy\/","title":{"rendered":"Pol\u00edticas de privacidad"},"content":{"rendered":"<h2>Pol\u00edticas de privacidad<\/h2>\n<p style=\"text-align: left;\">Al dar click en \u201c<strong>acepto<\/strong>\u201d cualquier persona f\u00edsica por su propio derecho o en representaci\u00f3n de una persona moral, en adelante \u201cEL USUARIO\u201d, reconoce que \u00e9stos T\u00c9RMINOS Y CONDICIONES aplicar\u00e1n de manera general el uso de la plataforma y el sitio web, as\u00ed como a la contrataci\u00f3n de los programas de capacitaci\u00f3n y servicios ofrecidos a trav\u00e9s de la presente p\u00e1gina, en adelante \u201cICEE\u201d, del cual es titular el Instituto de Capacitaci\u00f3n Educativa Especializada S.C., en adelante \u201cEL TITULAR\u201d.<\/p>\n<p style=\"text-align: left;\">En todo caso, cualquier persona que no acepte los presentes T\u00c9RMINOS Y CONDICIONES, no podr\u00e1 hacer uso de lo mencionado anteriormente.<\/p>\n<p style=\"text-align: left;\"><strong>I. DESCRIPCI\u00d3N.<\/strong> ICEE provee a \u201cEL USUARIO\u201d un amplio cat\u00e1logo de servicios que pueden ser contratados por EL USUARIO consistentes en la <strong>Capacitaci\u00f3n, Asesor\u00eda, Elaboraci\u00f3n de Programas, Proyectos, Know How, Diplomados, Cursos, Talleres y Capsulas relacionadas con el Cuidado, Atenci\u00f3n, Educaci\u00f3n y Rehabilitaci\u00f3n de ni\u00f1os de 0 a 6 a\u00f1os, entre otros <\/strong>(en adelante los<strong> \u201c<\/strong>SERVICIOS\u201d) y de contenidos de libre acceso consistentes en la <strong>Ense\u00f1anza, Capacitaci\u00f3n y Actualizaci\u00f3n de temas relacionados con Neuropediatr\u00eda y Psicopedagog\u00eda<\/strong>, <strong>entre otros<\/strong> (en adelante el \u201cCONTENIDO\u201d).<\/p>\n<p style=\"text-align: left;\"><strong>II. OBJETO. <\/strong>Regular el acceso y la utilizaci\u00f3n de ICEE, entendiendo por estolos SERVICIOS y CONTENIDO que se encuentre a disposici\u00f3n de los USUARIOS dentro del dominio: <strong>\u00a0\u00a0<\/strong><\/p>\n<p style=\"text-align: left;\">EL TITULAR se reserva la facultad de modificar, interrumpir, desactivar o cancelar en cualquier momento y sin previo aviso, la presentaci\u00f3n, los contenidos, la funcionalidad, los productos, los servicios y la configuraci\u00f3n que pudiera estar contenida en ICEE.<\/p>\n<p style=\"text-align: left;\"><strong>III. USUARIO. <\/strong>La persona que desee informarse del CONTENIDO deICEEtendr\u00e1 libre acceso, sin embargo, no podr\u00e1 copiarlo, apropiarlo o utilizarlo para su propio fin.<\/p>\n<p style=\"text-align: left;\">En cambio, la persona que desee contratar los SERVICIOS de ICEE deber\u00e1 de completar un formulario de registro, donde recibir\u00e1 informaci\u00f3n sobre el servicio que le interese, formas de pagos y promociones actuales, siendo el \u00fanico y absoluto responsablede la informaci\u00f3n que complete en su registro, comprometi\u00e9ndose a utilizar la informaci\u00f3n ofrecida de manera licita, sin contravenir lo dispuesto en los presentes TERMINOS Y CONDICIONES, la moral o el orden p\u00fablico, absteni\u00e9ndose de realizar cualquier acto que pueda suponer una afectaci\u00f3n a los derechos o el funcionamiento de ICEE.<\/p>\n<ul style=\"text-align: left;\">\n<li>Obligaciones de los Usuarios. EL USUARIO representa, garantiza y asegura que:<\/li>\n<\/ul>\n<ol style=\"text-align: left;\">\n<li>Se obliga a no subir, publicar o transmitir de otro modo publicidad no solicitada o no autorizada, materiales promocionales, correo basura, spam, cartas en cadena, estafas piramidales o cualquier otra forma de captaci\u00f3n (comercial o de otro tipo) por medio de los servicios.<\/li>\n<li>Se obliga a no publicar o suministrar informaci\u00f3n o contenido inapropiado, ofensivo, racista, sexista, pornogr\u00e1fico, falso, enga\u00f1oso, incorrecto, ileg\u00edtimo, difamatorio, calumnioso o que incite al odio.<\/li>\n<li>Se obliga como se mencion\u00f3 anteriormente a no copiar los SERVICIOS o CONTENIDOde ICEE, modificarlos, reproducirlos, distribuirlos, exhibirlos o ejecutarlos p\u00fablicamente, comunicarlos al p\u00fablico, crear obras derivadas de ellos, usarlos o explotarlos de cualquier otra forma, excepto en la medida en que lo permita EL TITULAR por escrito.<\/li>\n<li>Se obliga a no suplantar la identidad de nadie o de acceder sin permiso a la cuenta de otro usuario.<\/li>\n<li>Se obliga a no introducir virus, gusanos, programas esp\u00eda, c\u00f3digo, spyware, malware, archivo o programa inform\u00e1tico que pueda o pretenda da\u00f1ar o controlar el funcionamiento de cualquier hardware, software o equipo de telecomunicaciones o cualquier otro aspecto de los servicios o su funcionamiento, as\u00ed como de usar m\u00e9todos de extracci\u00f3n o b\u00fasqueda, robots o cualquier otro medio automatizado para acceder a los servicios.<\/li>\n<li>Tiene la responsabilidad de controlar c\u00f3mo se divulga o se usa su informaci\u00f3n personal, lo que incluye, sin limitaci\u00f3n, la adopci\u00f3n de las medidas necesarias para protegerla.<\/li>\n<li>Se obliga a abstenerse de solicitar datos personales a cualquier instructor o estudiante.<\/li>\n<\/ol>\n<p style=\"text-align: left;\">\u00a0<\/p>\n<p style=\"text-align: left;\"><strong>IV. PAGO POR LOS SERVICIOS. <\/strong>En ICEE o mediante contacto directo con EL USUARIO ser\u00e1n definidas las tarifas y promociones de LOS SERVICIOS ofrecidos. Una vez que EL USUARIO se registra para la contrataci\u00f3n de alguno de estos servicios y realiza el pago correspondiente, acepta que <strong>no<\/strong><strong>existen reembolsos<\/strong>\u00a0al usar o no dichos servicios, sin embargo, s\u00ed existen cambios de SERVICIO, con aviso previo a que se realice o como m\u00e1ximo 2 d\u00edas despu\u00e9s de realizado el SERVICIO al no haberlo usado, a excepci\u00f3n de ofertas especiales.<\/p>\n<p style=\"text-align: left;\">En el caso excepcional de que la responsabilidad incurra en ICEE por no poder ofrecer los SERVICIOS ya pagados, por motivo de modificaciones sustanciales de ICEE, problemas t\u00e9cnicos o de seguridad inesperados, causas de fuerza mayor o imprevistos de magnitud, se revisar\u00e1 personalmente con los USUARIOS afectados para ofrecer la soluci\u00f3n m\u00e1s conveniente.<\/p>\n<p style=\"text-align: left;\">\u00a0<\/p>\n<p style=\"text-align: left;\"><strong>V. CANCELACION DE SERVICIOS.<\/strong> El USUARIO acepta que\u00a0EL TITULAR\u00a0puede, bajo ciertas circunstancias, sin necesidad de notificaci\u00f3n previa y sin ser responsable frente al USUARIO ni frente a ning\u00fan tercero, a cancelar los SERVICIOS ofrecidos por ICEE, sin opci\u00f3n de lo mencionado en el inciso anterior.<\/p>\n<p style=\"text-align: left;\">Entre las causales de cancelaci\u00f3n se incluyen, sin limitarse a:<\/p>\n<ol style=\"text-align: left;\">\n<li>El incumplimiento o violaci\u00f3n a estos TERMINOS Y CONDICIONES o a otros acuerdos o lineamientos incorporados;<\/li>\n<li>Requerimientos de autoridades legales o gubernamentales.<\/li>\n<\/ol>\n<p style=\"text-align: left;\">\u00a0<\/p>\n<p style=\"text-align: left;\"><strong>VI. ACCESO Y NAVEGACION. <\/strong>EL TITULAR no garantiza de ning\u00fan modo la continuidad y disponibilidad de los SERVICIOS y CONTENIDO ofrecidos a trav\u00e9s de ICEE, no obstante, EL TITULAR llevar\u00e1 a cabo las acciones que de acuerdo a sus posibilidades le permitan para mantener el buen funcionamiento de ICEE.<\/p>\n<p style=\"text-align: left;\">De igual forma EL TITULAR no ser\u00e1 responsable ni garantiza que el contenido o software al que pueda accederse a trav\u00e9s de ICEE, se encuentre libre de errores, software malicioso, o que pueda causar alg\u00fan da\u00f1o a nivel de software o hardware en el equipo del USUARIO.<\/p>\n<p style=\"text-align: left;\">\u00a0<\/p>\n<p style=\"text-align: left;\"><strong>VII. DISPONIBILIDAD. <\/strong>El CONTENIDO que ofrece ICEE se encontrara a disposici\u00f3n de los USUARIOS las 24 horas de los 7 d\u00edas de la semana, a excepci\u00f3n de situaciones donde el mantenimiento, actualizaci\u00f3n o problemas t\u00e9cnicos de ICEE afecte su funcionamiento, en el caso de los SERVICIOS su disponibilidad depender\u00e1 del momento en que sean ofrecidos y hasta que sean realizados.<\/p>\n<p style=\"text-align: left;\">\u00a0<\/p>\n<p style=\"text-align: left;\"><strong>VIII. CONTACTO. <\/strong>ICEE contiene el tel\u00e9fono celular para Mexico <strong>5613 79 10 89 <\/strong>y los correos electr\u00f3nicos para nacionales y extranjeros <a href=\"mailto:daniela@icee-mexico.com\"><strong>daniela@icee-mexico.com<\/strong><\/a> e <a href=\"mailto:info@icee-mexico.com\"><strong>info@icee-mexico.co<\/strong>m<\/a> como contactos para el envi\u00f3 de notificaciones por parte de LOS USUARIOS, respectivos a dudas, comentarios, registros y aclaraciones.<\/p>\n<p style=\"text-align: left;\"><strong>\u00a0<\/strong><strong>IX. AVISO DE PRIVACIDAD. <\/strong>De conformidad con lo dispuesto en la Ley Federal de Protecci\u00f3n de Datos Personales en Posesi\u00f3n de los Particulares, su Reglamento y dem\u00e1s disposiciones aplicables de los Estados Unidos Mexicanos, EL TITULAR hace de su conocimiento que sus datos personales ser\u00e1n resguardados bajo estrictas medidas de seguridad f\u00edsicas, t\u00e9cnicas y administrativas que han sido implementadas, en t\u00e9rminos del Reglamento, con el objeto de proteger y garantizar el cuidado de sus datos personales contra da\u00f1o, p\u00e9rdida, alteraci\u00f3n, destrucci\u00f3n o el uso, acceso o tratamiento no autorizados, as\u00ed como tambi\u00e9n acotar en la medida posible cualquier riesgo que pudiera llegar a presentarse. El tratamiento de datos personales se limitar\u00e1 al cumplimiento de las finalidades previstas en el <u>Aviso de Privacidad <\/u>de ICEE.<\/p>\n<p style=\"text-align: left;\"><strong>X. PROPIEDAD INTELECTUAL. <\/strong>EL TITULAR es propietario de todos los derechos de propiedad intelectual e industrial de ICEE, entendiendo por este el c\u00f3digo fuente que hace posible su funcionamiento, as\u00ed como las im\u00e1genes, archivos de audio o video, logotipos, marcas, combinaciones de colores, estructuras, dise\u00f1os y dem\u00e1s elementos que lo distinguen. Por tal motivo ser\u00e1n protegidas por la legislaci\u00f3n mexicana en esta materia, as\u00ed como por los tratados internacionales aplicables. Por consiguiente, queda expresamente prohibida la reproducci\u00f3n, distribuci\u00f3n, o difusi\u00f3n de los SERVICIOS y CONTENIDO de ICEE, con fines comerciales, en cualquier soporte y por cualquier medio sin la autorizaci\u00f3n por escrito del TITULAR. Adem\u00e1s del respeto a la propiedad intelectual bajo las leyes aplicables en los Estados Unidos Mexicanos, EL TITULAR asume su compromiso con el cumplimiento a la Ley de Derechos de Autor en Internet (Digital Millennium Copyright Act (&#8220;DMCA&#8221;).<\/p>\n<p style=\"text-align: left;\">En caso de que cualquier USUARIO considere que los SERVICIOS y CONTENIDO de ICEE suponen una violaci\u00f3n de los derechos de protecci\u00f3n de la propiedad industrial o intelectual, deber\u00e1 de notificar inmediatamente a EL TITULAR a trav\u00e9s del contacto disponible en ICEE.<\/p>\n<p style=\"text-align: left;\"><strong>XI. DISPUTAS. <\/strong>En el evento en el que exista una disputa entre EL TITUALR y EL USUARIO, se buscar\u00e1 una resoluci\u00f3n a trav\u00e9s de una conciliaci\u00f3n entre las partes.<\/p>\n<p style=\"text-align: left;\">ELUSUARIO acepta que cualquier reclamaci\u00f3n o causa que pueda surgir en relaci\u00f3n al uso de ICEE o estos TERMINOS Y CONDICIONES, se debe de presentar dentro del l\u00edmite de tres (3) meses, luego de que los hechos pertinentes que lleven a dicha reclamaci\u00f3n o causa se hayan descubierto con diligencia razonable.<\/p>\n<p style=\"text-align: left;\"><strong>XII. LEGISLACION Y JURIDICCION APLICABLE. <\/strong>EL TITULAR se reserva la facultad de presentar las acciones civiles o penales que considere necesarias por la utilizaci\u00f3n indebida de ICEE, sus SERVICIOS y CONTENIDO, o por el incumplimiento de los presentes TERMINOS Y CONDICIONES.<\/p>\n<p style=\"text-align: left;\">La relaci\u00f3n entre EL USUARIO y EL TITULAR se regir\u00e1 por la legislaci\u00f3n vigente en los Estados Unidos Mexicanos, de surgir cualquier controversia en relaci\u00f3n a la interpretaci\u00f3n y\/o a la aplicaci\u00f3n de los presentes TERMINOS Y CONDICIONES, que no pueda resolverse por conciliaci\u00f3n, las partes se someter\u00e1n a la jurisdicci\u00f3n ordinaria de los tribunales que correspondan conforme a derecho en el estado al que hace referencia.<\/p>\n","protected":false},"excerpt":{"rendered":"<p>Pol\u00edticas de privacidad Al dar click en \u201cacepto\u201d cualquier persona f\u00edsica por su propio derecho o en representaci\u00f3n de una persona moral, en adelante \u201cEL USUARIO\u201d, reconoce que \u00e9stos T\u00c9RMINOS Y CONDICIONES aplicar\u00e1n de manera general el uso de la plataforma y el sitio web, as\u00ed como a la contrataci\u00f3n de los programas de capacitaci\u00f3n &hellip; <\/p>\n","protected":false},"author":1,"featured_media":0,"parent":0,"menu_order":0,"comment_status":"closed","ping_status":"open","template":"","meta":{"footnotes":""},"class_list":["post-3","page","type-page","status-publish","hentry"],"_links":{"self":[{"href":"https:\/\/icee-mexico.com\/index.php\/wp-json\/wp\/v2\/pages\/3","targetHints":{"allow":["GET"]}}],"collection":[{"href":"https:\/\/icee-mexico.com\/index.php\/wp-json\/wp\/v2\/pages"}],"about":[{"href":"https:\/\/icee-mexico.com\/index.php\/wp-json\/wp\/v2\/types\/page"}],"author":[{"embeddable":true,"href":"https:\/\/icee-mexico.com\/index.php\/wp-json\/wp\/v2\/users\/1"}],"replies":[{"embeddable":true,"href":"https:\/\/icee-mexico.com\/index.php\/wp-json\/wp\/v2\/comments?post=3"}],"version-history":[{"count":9,"href":"https:\/\/icee-mexico.com\/index.php\/wp-json\/wp\/v2\/pages\/3\/revisions"}],"predecessor-version":[{"id":597,"href":"https:\/\/icee-mexico.com\/index.php\/wp-json\/wp\/v2\/pages\/3\/revisions\/597"}],"wp:attachment":[{"href":"https:\/\/icee-mexico.com\/index.php\/wp-json\/wp\/v2\/media?parent=3"}],"curies":[{"name":"wp","href":"https:\/\/api.w.org\/{rel}","templated":true}]}}