{"id":232,"date":"2020-06-10T04:17:41","date_gmt":"2020-06-10T04:17:41","guid":{"rendered":"http:\/\/icee-mexico.com\/?page_id=232"},"modified":"2020-08-01T23:06:43","modified_gmt":"2020-08-01T23:06:43","slug":"inscripciones","status":"publish","type":"page","link":"https:\/\/icee-mexico.com\/index.php\/inscripciones\/","title":{"rendered":"Inscripciones"},"content":{"rendered":"<h2>\u00a1Elige un plan a tu medida!<\/h2>\n<h2>Curso Plus<\/h2>\n<p>\u00a1Cursos especiales con materiales inclu\u00eddos!<\/p>\n<p> <!-- \/.obfx-title-wrapper -->$66USD \/ 10% OFF <!-- \/.obfx-price-wrapper --><\/p>\n<ul>\n<li>Incluye materiales y envio S\u00f3lo M\u00e9xico<\/li>\n<li> Clases online <\/li>\n<li> Recursos virtuales <\/li>\n<li> Asesor\u00eda personalizada <\/li>\n<li> Certificaci\u00f3n oficial <\/li>\n<li> Validez curricular <\/li>\n<\/ul>\n<p><a href=\"http:\/\/icee-mexico.com\/index.php\/inscripciones\/curso-plus\/\">Elegir<\/a> <!-- \/.obfx-pricing-table-button-wrapper --> <!-- \/.obfx-pricing-table-wrapper -->\t\t<\/p>\n<h2>Curso B\u00e1sico<\/h2>\n<p>\u00a1Un curso que puedes tomar desde donde est\u00e9s!<\/p>\n<p> <!-- \/.obfx-title-wrapper -->$53USD\/ 5% OFF <!-- \/.obfx-price-wrapper --><\/p>\n<ul>\n<li> Clases online <\/li>\n<li> Recursos virtuales <\/li>\n<li> Asesor\u00eda personalizada <\/li>\n<li> Certificaci\u00f3n oficial <\/li>\n<li> Validez curricular <\/li>\n<\/ul>\n<p><a href=\"http:\/\/icee-mexico.com\/index.php\/inscripciones\/curso-simple\/\">Elegir<\/a> <!-- \/.obfx-pricing-table-button-wrapper --> <!-- \/.obfx-pricing-table-wrapper -->\t\t<\/p>\n<h2>Plan Plus Tr\u00edo<\/h2>\n<p>\u00a1Obt\u00e9n un descuento especial al elegir tres cursos con materiales!<\/p>\n<p> <!-- \/.obfx-title-wrapper -->$138USD\/ 30% OFF <!-- \/.obfx-price-wrapper --><\/p>\n<ul>\n<li>Incluye materiales y envio S\u00f3lo M\u00e9xico<\/li>\n<li> Clases online <\/li>\n<li> Recursos virtuales <\/li>\n<li> Asesor\u00eda personalizada <\/li>\n<li> Certificaci\u00f3n oficial <\/li>\n<li> Validez curricular <\/li>\n<li> De acuerdo al TRM Del d\u00eda<\/li>\n<\/ul>\n<p><a href=\"http:\/\/icee-mexico.com\/index.php\/inscripciones\/curso-plus-trio\/\">Elegir<\/a> <!-- \/.obfx-pricing-table-button-wrapper --> <!-- \/.obfx-pricing-table-wrapper -->\t\t<\/p>\n<h2>Plan B\u00e1sico Tr\u00edo<\/h2>\n<p>\u00a1Descuento especial por 3 cursos online!<\/p>\n<p> <!-- \/.obfx-title-wrapper -->$110USD\/ 31% OFF <!-- \/.obfx-price-wrapper --><\/p>\n<ul>\n<li> Clases online <\/li>\n<li> Recursos virtuales <\/li>\n<li> Asesor\u00eda personalizada <\/li>\n<li> Certificaci\u00f3n oficial <\/li>\n<li> Validez curricular <\/li>\n<li> De acuerdo al TRM Del d\u00eda<\/li>\n<\/ul>\n<p><a href=\"http:\/\/icee-mexico.com\/index.php\/inscripciones\/curso-simple-trio\/\">Elegir<\/a> <!-- \/.obfx-pricing-table-button-wrapper --> <!-- \/.obfx-pricing-table-wrapper --><br \/>\n\t\t\t\u00a1Importante!<br \/>\n\t\t\t\t\t\t\tAntes de elegir una opci\u00f3n verifica la disponibilidad y fechas de inicio de los cursos, diplomados o conferencias de tu inter\u00e9s.<br \/>\n\t\t\t\t\t\t\t\t\t\t<button type=\"button\"><br \/>\n\t\t\t\t\t&times;<br \/>\n\t\t\t\t\tDescartar alerta<br \/>\n\t\t\t\t<\/button><br \/>\n\t\t\t<a href=\"http:\/\/icee-mexico.com\/index.php\/cursos-vigentes\/\" role=\"button\"><br \/>\n\t\t\t\t\t\tConsulta la disponibilidad<br \/>\n\t\t\t\t\t<\/a><\/p>\n","protected":false},"excerpt":{"rendered":"<p>\u00a1Elige un plan a tu medida! Curso Plus \u00a1Cursos especiales con materiales inclu\u00eddos! $66USD \/ 10% OFF Incluye materiales y envio S\u00f3lo M\u00e9xico Clases online Recursos virtuales Asesor\u00eda personalizada Certificaci\u00f3n oficial Validez curricular Elegir Curso B\u00e1sico \u00a1Un curso que puedes tomar desde donde est\u00e9s! $53USD\/ 5% OFF Clases online Recursos virtuales Asesor\u00eda personalizada Certificaci\u00f3n oficial &hellip; <\/p>\n","protected":false},"author":1,"featured_media":0,"parent":0,"menu_order":0,"comment_status":"closed","ping_status":"closed","template":"templates\/builder-fullwidth-std.php","meta":{"footnotes":""},"class_list":["post-232","page","type-page","status-publish","hentry"],"_links":{"self":[{"href":"https:\/\/icee-mexico.com\/index.php\/wp-json\/wp\/v2\/pages\/232","targetHints":{"allow":["GET"]}}],"collection":[{"href":"https:\/\/icee-mexico.com\/index.php\/wp-json\/wp\/v2\/pages"}],"about":[{"href":"https:\/\/icee-mexico.com\/index.php\/wp-json\/wp\/v2\/types\/page"}],"author":[{"embeddable":true,"href":"https:\/\/icee-mexico.com\/index.php\/wp-json\/wp\/v2\/users\/1"}],"replies":[{"embeddable":true,"href":"https:\/\/icee-mexico.com\/index.php\/wp-json\/wp\/v2\/comments?post=232"}],"version-history":[{"count":42,"href":"https:\/\/icee-mexico.com\/index.php\/wp-json\/wp\/v2\/pages\/232\/revisions"}],"predecessor-version":[{"id":677,"href":"https:\/\/icee-mexico.com\/index.php\/wp-json\/wp\/v2\/pages\/232\/revisions\/677"}],"wp:attachment":[{"href":"https:\/\/icee-mexico.com\/index.php\/wp-json\/wp\/v2\/media?parent=232"}],"curies":[{"name":"wp","href":"https:\/\/api.w.org\/{rel}","templated":true}]}}