{"id":187,"date":"2020-06-08T00:01:07","date_gmt":"2020-06-08T00:01:07","guid":{"rendered":"http:\/\/icee-mexico.com\/?page_id=187"},"modified":"2023-09-21T03:31:24","modified_gmt":"2023-09-21T03:31:24","slug":"equipo-icee","status":"publish","type":"page","link":"https:\/\/icee-mexico.com\/index.php\/bienvenido-a-icee\/equipo-icee\/","title":{"rendered":"Equipo ICEE\u00ae"},"content":{"rendered":"<h1 style=\"text-align: right;\">\u00a1Conoce nuestro equipo!<\/h1>\n<p>\t\t\t\t\t\t\t\t\t\t<img loading=\"lazy\" decoding=\"async\" width=\"416\" height=\"552\" src=\"http:\/\/icee-mexico.com\/wp-content\/uploads\/2020\/06\/Logo-ICEE-white-1.png\" alt=\"Logo ICEE\" srcset=\"https:\/\/icee-mexico.com\/wp-content\/uploads\/2020\/06\/Logo-ICEE-white-1.png 416w, https:\/\/icee-mexico.com\/wp-content\/uploads\/2020\/06\/Logo-ICEE-white-1-226x300.png 226w, https:\/\/icee-mexico.com\/wp-content\/uploads\/2020\/06\/Logo-ICEE-white-1-45x60.png 45w\" sizes=\"auto, (max-width: 416px) 100vw, 416px\" \/>\t\t\t\t\t\t\t\t\t\t\t<\/p>\n<p>Contamos con un amplio grupo de profesionales y especialistas que se ha dedicado a cada una de las \u00e1reas m\u00e1s importantes de las diferentes etapas del desarrollo infantil, particularmente en la primera infancia. Con\u00f3celas a todas.\u00a0<\/p>\n<p>\t\t\t\t\t\t\t\t\t\t<img loading=\"lazy\" decoding=\"async\" width=\"453\" height=\"453\" src=\"http:\/\/icee-mexico.com\/wp-content\/uploads\/2020\/06\/Yadira-2.png\" alt=\"Yadira Olaya\" srcset=\"https:\/\/icee-mexico.com\/wp-content\/uploads\/2020\/06\/Yadira-2.png 453w, https:\/\/icee-mexico.com\/wp-content\/uploads\/2020\/06\/Yadira-2-300x300.png 300w, https:\/\/icee-mexico.com\/wp-content\/uploads\/2020\/06\/Yadira-2-150x150.png 150w, https:\/\/icee-mexico.com\/wp-content\/uploads\/2020\/06\/Yadira-2-60x60.png 60w\" sizes=\"auto, (max-width: 453px) 100vw, 453px\" \/>\t\t\t\t\t\t\t\t\t\t\t<\/p>\n<h4>Yadira Olaya Escalona<\/h4>\n<p>Especialista en la evaluaci\u00f3n y detecci\u00f3n de trastornos del desarrollo as\u00ed como t\u00e9cnicas y estrategias derivadas de da\u00f1o neurol\u00f3gico en ni\u00f1os de 0 a 6 a\u00f1os; enfocada en neuroterapia, estimulaci\u00f3n prenatal y temprana, psicomotricidad y educaci\u00f3n especial inicial y preescolar.<\/p>\n<ul>\n<li >\n\t\t\t\t\t\t\t\t\t\tMtra. Desarrollo De La Motricidad Infantil\n\t\t\t\t\t\t\t\t\t<\/li>\n<li >\n\t\t\t\t\t\t\t\t\t\tMtra. Educaci\u00f3n Especial\n\t\t\t\t\t\t\t\t\t<\/li>\n<li >\n\t\t\t\t\t\t\t\t\t\tLic. Medicina F\u00edsica &#038; Rehabilitaci\u00f3n\n\t\t\t\t\t\t\t\t\t<\/li>\n<li >\n\t\t\t\t\t\t\t\t\t\tLic. Eduaci\u00f3n Prescolar\n\t\t\t\t\t\t\t\t\t<\/li>\n<\/ul>\n<p>\t\t\t\t0<br \/>\n\t\t\t\t\t\t\tA\u00f1os de experiencia<br \/>\n\t\t\t<a href=\"http:\/\/icee-mexico.com\/wp-content\/uploads\/2020\/06\/Yadira-Olaya-CV.pdf\" target=\"_blank\" role=\"button\" rel=\"noopener noreferrer\"><br \/>\n\t\t\t\t\t\tDescargar CV<br \/>\n\t\t\t\t\t<\/a><br \/>\n\t\t\t\t\t\t\t\t\t\t<img loading=\"lazy\" decoding=\"async\" width=\"422\" height=\"591\" src=\"http:\/\/icee-mexico.com\/wp-content\/uploads\/2023\/09\/WhatsApp_Image_2023-09-11_at_23.51.05-removebg-preview.png\" alt=\"\" srcset=\"https:\/\/icee-mexico.com\/wp-content\/uploads\/2023\/09\/WhatsApp_Image_2023-09-11_at_23.51.05-removebg-preview.png 422w, https:\/\/icee-mexico.com\/wp-content\/uploads\/2023\/09\/WhatsApp_Image_2023-09-11_at_23.51.05-removebg-preview-214x300.png 214w, https:\/\/icee-mexico.com\/wp-content\/uploads\/2023\/09\/WhatsApp_Image_2023-09-11_at_23.51.05-removebg-preview-43x60.png 43w\" sizes=\"auto, (max-width: 422px) 100vw, 422px\" \/>\t\t\t\t\t\t\t\t\t\t\t<\/p>\n<h4>Jorge P\u00e9rez Esp\u00edndola<\/h4>\n<p>Experto en Rehabilitaci\u00f3n Deportiva, Evalauci\u00f3n y detecci\u00f3n de alteraci\u00f3nes ariculares, biomec\u00e1nica de la marcha, medici\u00f3n de la huella plantar.<\/p>\n<ul>\n<li >\n\t\t\t\t\t\t\t\t\t\tMtro. Terapia F\u00edsica &amp; Rehabilitac\u00f3n Deportiva.\n\t\t\t\t\t\t\t\t\t<\/li>\n<li >\n\t\t\t\t\t\t\t\t\t\tLic. Terapia F\u00edsica &amp; Rehabilitaci\u00f3n\n\t\t\t\t\t\t\t\t\t<\/li>\n<\/ul>\n<p>\t\t\t\t0<br \/>\n\t\t\t\t\t\t\tA\u00f1os de experiencia<br \/>\n\t\t\t<a href=\"https:\/\/icee-mexico.com\/index.php\/bienvenido-a-icee\/equipo-icee\/https:\/\/icee-mexico.com\/index.php\/bienvenido-a-icee\/equipo-icee\/\" target=\"_blank\" role=\"button\" rel=\"noopener noreferrer\"><br \/>\n\t\t\t\t\t\tDescargar CV<br \/>\n\t\t\t\t\t<\/a><br \/>\n\t\t\t\t\t\t\t\t\t\t<img loading=\"lazy\" decoding=\"async\" width=\"280\" height=\"274\" src=\"http:\/\/icee-mexico.com\/wp-content\/uploads\/2023\/09\/juan-removebg-preview.png\" alt=\"\" srcset=\"https:\/\/icee-mexico.com\/wp-content\/uploads\/2023\/09\/juan-removebg-preview.png 280w, https:\/\/icee-mexico.com\/wp-content\/uploads\/2023\/09\/juan-removebg-preview-61x60.png 61w\" sizes=\"auto, (max-width: 280px) 100vw, 280px\" \/>\t\t\t\t\t\t\t\t\t\t\t<\/p>\n<h4>Juan  Manuel Rivera Suarez<\/h4>\n<p>Centrada en la atenci\u00f3n a diferentes trastornos del desarrollo infantil para la correcta creaci\u00f3n de estrategias pedag\u00f3gicas para afrontarlo. Ha dedicado gran parte de su actividad profesional a la estimulaci\u00f3n temprana y la adecuaci\u00f3n de mallas curriculares para casos especiales de aprendizaje.<\/p>\n<ul>\n<li >\n\t\t\t\t\t\t\t\t\t\tLic.  Terapia Fisica\n\t\t\t\t\t\t\t\t\t<\/li>\n<li >\n\t\t\t\t\t\t\t\t\t\tCertificac\u00f3n en FNP.\n\t\t\t\t\t\t\t\t\t<\/li>\n<\/ul>\n<p>\t\t\t\t0<br \/>\n\t\t\t\t\t\t\tA\u00f1os de experiencia<br \/>\n\t\t\t<a href=\"https:\/\/icee-mexico.com\/index.php\/bienvenido-a-icee\/equipo-icee\/https:\/\/icee-mexico.com\/index.php\/bienvenido-a-icee\/equipo-icee\/\" target=\"_blank\" role=\"button\" rel=\"noopener noreferrer\"><br \/>\n\t\t\t\t\t\tDescargar CV<br \/>\n\t\t\t\t\t<\/a><br \/>\n\t\t\t\t\t\t\t\t\t\t<img loading=\"lazy\" decoding=\"async\" width=\"453\" height=\"453\" src=\"http:\/\/icee-mexico.com\/wp-content\/uploads\/2020\/06\/Daniela-1.png\" alt=\"\" srcset=\"https:\/\/icee-mexico.com\/wp-content\/uploads\/2020\/06\/Daniela-1.png 453w, https:\/\/icee-mexico.com\/wp-content\/uploads\/2020\/06\/Daniela-1-300x300.png 300w, https:\/\/icee-mexico.com\/wp-content\/uploads\/2020\/06\/Daniela-1-150x150.png 150w, https:\/\/icee-mexico.com\/wp-content\/uploads\/2020\/06\/Daniela-1-60x60.png 60w\" sizes=\"auto, (max-width: 453px) 100vw, 453px\" \/>\t\t\t\t\t\t\t\t\t\t\t<\/p>\n<h4>Daniela Ortega Dom\u00ednguez<\/h4>\n<p>Dedicada al desarrollo de estrategias de intervenci\u00f3n infantil, mejoramiento de relaciones interpersonales, trabajo colaborativo. Posee experiencia en trabajo dedicado a estudiantes con necesidades especiales y la adecuaci\u00f3n de curr\u00edculas y cronogramas de desarrollo educativo y aprendizaje especial.<\/p>\n<ul>\n<li >\n\t\t\t\t\t\t\t\t\t\tLic. Psicolog\u00eda\n\t\t\t\t\t\t\t\t\t<\/li>\n<li >\n\t\t\t\t\t\t\t\t\t\tEsp. Tecnolog\u00edas de la informaci\u00f3n y la comunicaci\u00f3n\n\t\t\t\t\t\t\t\t\t<\/li>\n<\/ul>\n<p>\t\t\t\t0<br \/>\n\t\t\t\t\t\t\tA\u00f1os de experiencia<br \/>\n\t\t\t<a href=\"http:\/\/icee-mexico.com\/wp-content\/uploads\/2020\/06\/Daniela-Ortega-CV.pdf\" target=\"_blank\" role=\"button\" rel=\"noopener noreferrer\"><br \/>\n\t\t\t\t\t\tDescargar CV<br \/>\n\t\t\t\t\t<\/a><\/p>\n","protected":false},"excerpt":{"rendered":"<p>\u00a1Conoce nuestro equipo! Contamos con un amplio grupo de profesionales y especialistas que se ha dedicado a cada una de las \u00e1reas m\u00e1s importantes de las diferentes etapas del desarrollo infantil, particularmente en la primera infancia. Con\u00f3celas a todas.\u00a0 Yadira Olaya Escalona Especialista en la evaluaci\u00f3n y detecci\u00f3n de trastornos del desarrollo as\u00ed como t\u00e9cnicas &hellip; <\/p>\n","protected":false},"author":1,"featured_media":0,"parent":103,"menu_order":0,"comment_status":"closed","ping_status":"closed","template":"elementor_header_footer","meta":{"footnotes":""},"class_list":["post-187","page","type-page","status-publish","hentry"],"_links":{"self":[{"href":"https:\/\/icee-mexico.com\/index.php\/wp-json\/wp\/v2\/pages\/187","targetHints":{"allow":["GET"]}}],"collection":[{"href":"https:\/\/icee-mexico.com\/index.php\/wp-json\/wp\/v2\/pages"}],"about":[{"href":"https:\/\/icee-mexico.com\/index.php\/wp-json\/wp\/v2\/types\/page"}],"author":[{"embeddable":true,"href":"https:\/\/icee-mexico.com\/index.php\/wp-json\/wp\/v2\/users\/1"}],"replies":[{"embeddable":true,"href":"https:\/\/icee-mexico.com\/index.php\/wp-json\/wp\/v2\/comments?post=187"}],"version-history":[{"count":38,"href":"https:\/\/icee-mexico.com\/index.php\/wp-json\/wp\/v2\/pages\/187\/revisions"}],"predecessor-version":[{"id":763,"href":"https:\/\/icee-mexico.com\/index.php\/wp-json\/wp\/v2\/pages\/187\/revisions\/763"}],"up":[{"embeddable":true,"href":"https:\/\/icee-mexico.com\/index.php\/wp-json\/wp\/v2\/pages\/103"}],"wp:attachment":[{"href":"https:\/\/icee-mexico.com\/index.php\/wp-json\/wp\/v2\/media?parent=187"}],"curies":[{"name":"wp","href":"https:\/\/api.w.org\/{rel}","templated":true}]}}