{"id":158,"date":"2020-06-07T05:25:35","date_gmt":"2020-06-07T05:25:35","guid":{"rendered":"http:\/\/icee-mexico.com\/?page_id=158"},"modified":"2020-08-01T22:13:10","modified_gmt":"2020-08-01T22:13:10","slug":"curso-plus","status":"publish","type":"page","link":"https:\/\/icee-mexico.com\/index.php\/inscripciones\/curso-plus\/","title":{"rendered":"Curso Plus"},"content":{"rendered":"<h1>Curso Plus<\/h1>\n<h3>Requisitos y pasos para la inscripci\u00f3n<\/h3>\n<p>Informaci\u00f3n<b> personal:<\/b> Se solicitan datos personales tales como el nombre, tel\u00e9fono, correo electr\u00f3nico y ocupaci\u00f3n. Es importante tener a mano el n\u00famero de <a href=\"https:\/\/www.gob.mx\/curp\/\">CURP<\/a>.<\/p>\n<p><b>Pago:<\/b> Realiza el pago de inscripci\u00f3n al <strong>Curso Plus<\/strong>, cuyo costo es de $1,500.00 MXN\/$66 USD.<\/p>\n<p>\t\t\t\t\t\t\t\t\t\t\t\t<a href=\"\">Dep\u00f3sito Banco Inbursa<\/a><\/p>\n<p>Propietario: Yadira Soledad Olaya<\/p>\n<p>Cuenta: 500 355 685 74<\/p>\n<p>Clabe: 036 180 500 355 685 742<\/p>\n<p>\t\t\t\t\t\t\t\t\t\t\t\t<a href=\"\">Dep\u00f3sito en OXXO<\/a><\/p>\n<p>Cuenta: 4658 2859 1004 8333<\/p>\n<p>\t\t\t\t\t\t\t\t\t\t\t\t<a href=\"\">Pago con PayPal<\/a><br \/>\n\t\t\t\t\t<a href=\"https:\/\/paypal.me\/YAOLES?locale.x=es_XC\" target=\"_blank\" rel=\"noopener noreferrer\">Ir al portal de PayPal<\/a><\/p>\n<p><b>Verificaci\u00f3n del pago: <\/b>Una vez que podamos verificar el pago de la inscripci\u00f3n, te llegar\u00e1 un correo electr\u00f3nico habilitando tu cuenta de usuario para disfrutar del contenido de nuestros cursos y las clases en vivo.\u00a0<\/p>\n<p>\t\t\t\t\t\t\t\t\t\t\t\t<a href=\"\">Formulario de Inscripci\u00f3n<\/a><\/p>\n<p><form action=\"\/wp-admin\/admin-ajax.php#wpcf7-f165-o1\" method=\"post\" enctype=\"multipart\/form-data\" novalidate=\"novalidate\">\n<input type=\"hidden\" name=\"_wpcf7\" value=\"165\" \/><br \/>\n<input type=\"hidden\" name=\"_wpcf7_version\" value=\"5.2\" \/><br \/>\n<input type=\"hidden\" name=\"_wpcf7_locale\" value=\"es_MX\" \/><br \/>\n<input type=\"hidden\" name=\"_wpcf7_unit_tag\" value=\"wpcf7-f165-o1\" \/><br \/>\n<input type=\"hidden\" name=\"_wpcf7_container_post\" value=\"0\" \/><br \/>\n<input type=\"hidden\" name=\"_wpcf7_posted_data_hash\" value=\"\" \/><br \/>\n<input type=\"hidden\" name=\"_wpcf7cf_hidden_group_fields\" value=\"\" \/><br \/>\n<input type=\"hidden\" name=\"_wpcf7cf_hidden_groups\" value=\"\" \/><br \/>\n<input type=\"hidden\" name=\"_wpcf7cf_visible_groups\" value=\"\" \/><br \/>\n<input type=\"hidden\" name=\"_wpcf7cf_repeaters\" value=\"[]\" \/><br \/>\n<input type=\"hidden\" name=\"_wpcf7cf_steps\" value=\"{}\" \/><br \/>\n<input type=\"hidden\" name=\"_wpcf7cf_options\" value=\"{&quot;form_id&quot;:165,&quot;conditions&quot;:[],&quot;settings&quot;:{&quot;animation&quot;:&quot;yes&quot;,&quot;animation_intime&quot;:200,&quot;animation_outtime&quot;:200,&quot;conditions_ui&quot;:&quot;normal&quot;,&quot;notice_dismissed&quot;:false}}\" \/><\/p>\n<p><label> Nombre y apellido (Requerido)<br \/>\n    <input type=\"text\" name=\"your-name\" value=\"\" size=\"40\" aria-required=\"true\" aria-invalid=\"false\" \/> <\/label><\/p>\n<p><label> Correo electr\u00f3nico (Requerido)<br \/>\n    <input type=\"email\" name=\"your-email\" value=\"\" size=\"40\" aria-required=\"true\" aria-invalid=\"false\" \/> <\/label><\/p>\n<p><label> Tel\u00e9fono (Requerido)<br \/>\n<input type=\"tel\" name=\"tel-390\" value=\"\" size=\"40\" aria-required=\"true\" aria-invalid=\"false\" \/> <\/label><\/p>\n<p><label> CURP (Requerido)<br \/>\n<input type=\"text\" name=\"text-628\" value=\"\" size=\"40\" aria-invalid=\"false\" \/> <\/label><\/p>\n<p><label> M\u00e9todo de pago (Requerido)<br \/>\n<select name=\"menu-358\" aria-required=\"true\" aria-invalid=\"false\"><option value=\"\">&#8212;<\/option><option value=\"Banco Inbursa\">Banco Inbursa<\/option><option value=\"Pago en OXXO\">Pago en OXXO<\/option><option value=\"Pago en PayPal\">Pago en PayPal<\/option><\/select> <\/label><\/p>\n<p><label> Sube la evidencia de pago (Requerido)<\/p>\n<p><input type=\"file\" name=\"file-245\" size=\"40\" accept=\".jpg,.jpeg,.png,.gif,.pdf,.doc,.docx,.ppt,.pptx,.odt,.avi,.ogg,.m4a,.mov,.mp3,.mp4,.mpg,.wav,.wmv\" aria-required=\"true\" aria-invalid=\"false\" \/> <\/label><\/p>\n<p><label><input type=\"checkbox\" name=\"acceptance-106\" value=\"1\" aria-invalid=\"false\" checked=\"checked\" \/>Acepto los <a href=\"http:\/\/icee-mexico.com\/index.php\/privacy-policy\/\" target=\"_blank\" rel=\"noopener noreferrer\"> T\u00e9rminos y condiciones<\/a><\/label><\/p>\n<p><input type=\"submit\" value=\"Enviar\" \/><\/p>\n<\/form>\n<p>\t\t\t\t\t\t\t\t\t\t\t\t<a href=\"\">Aviso de privacidad<\/a><\/p>\n<p><b>Instituto de Capacitaci\u00f3n Educativa Especializada S.C.<\/b> con domicilio en Sierra Santa Rosa 253, Col. Reforma Social, Alc. Miguel Hidalgo, CP. 11650, Ciudad de M\u00e9xico, le informa que los datos personales de contacto que nos proporcione al contratar un servicio, ser\u00e1n utilizados para dar respuesta a sus preguntas, dar seguimiento a sus comentarios y enviar la informaci\u00f3n que solicita sobre nuestros servicios. Para conocer nuestro Aviso de Privacidad integral da <a style=\"color: #70b544;\" href=\"http:\/\/icee-mexico.com\/index.php\/privacy-policy\/\">click aqu\u00ed<\/a><\/p>\n<p>\t\t\t\u00a1Importante!<br \/>\n\t\t\t\t\t\t\tPara agilizar el proceso solicitamos que tengas digitalizado el dep\u00f3sito, ya sea con una fotograf\u00eda o un escaneo del mismo.<br \/>\n\t\t\t\t\t\t\t\t\t\t<button type=\"button\"><br \/>\n\t\t\t\t\t&times;<br \/>\n\t\t\t\t\tDescartar alerta<br \/>\n\t\t\t\t<\/button><br \/>\n\t\t\t<a href=\"http:\/\/icee-mexico.com\/index.php\/cursos-vigentes\/\" role=\"button\"><br \/>\n\t\t\t\t\t\tConsulta disponibilidad de cursos b\u00e1sicos<br \/>\n\t\t\t\t\t<\/a><\/p>\n","protected":false},"excerpt":{"rendered":"<p>Curso Plus Requisitos y pasos para la inscripci\u00f3n Informaci\u00f3n personal: Se solicitan datos personales tales como el nombre, tel\u00e9fono, correo electr\u00f3nico y ocupaci\u00f3n. Es importante tener a mano el n\u00famero de CURP. Pago: Realiza el pago de inscripci\u00f3n al Curso Plus, cuyo costo es de $1,500.00 MXN\/$66 USD. Dep\u00f3sito Banco Inbursa Propietario: Yadira Soledad Olaya &hellip; <\/p>\n","protected":false},"author":1,"featured_media":0,"parent":232,"menu_order":0,"comment_status":"closed","ping_status":"closed","template":"templates\/builder-fullwidth-std.php","meta":{"footnotes":""},"class_list":["post-158","page","type-page","status-publish","hentry"],"_links":{"self":[{"href":"https:\/\/icee-mexico.com\/index.php\/wp-json\/wp\/v2\/pages\/158","targetHints":{"allow":["GET"]}}],"collection":[{"href":"https:\/\/icee-mexico.com\/index.php\/wp-json\/wp\/v2\/pages"}],"about":[{"href":"https:\/\/icee-mexico.com\/index.php\/wp-json\/wp\/v2\/types\/page"}],"author":[{"embeddable":true,"href":"https:\/\/icee-mexico.com\/index.php\/wp-json\/wp\/v2\/users\/1"}],"replies":[{"embeddable":true,"href":"https:\/\/icee-mexico.com\/index.php\/wp-json\/wp\/v2\/comments?post=158"}],"version-history":[{"count":38,"href":"https:\/\/icee-mexico.com\/index.php\/wp-json\/wp\/v2\/pages\/158\/revisions"}],"predecessor-version":[{"id":653,"href":"https:\/\/icee-mexico.com\/index.php\/wp-json\/wp\/v2\/pages\/158\/revisions\/653"}],"up":[{"embeddable":true,"href":"https:\/\/icee-mexico.com\/index.php\/wp-json\/wp\/v2\/pages\/232"}],"wp:attachment":[{"href":"https:\/\/icee-mexico.com\/index.php\/wp-json\/wp\/v2\/media?parent=158"}],"curies":[{"name":"wp","href":"https:\/\/api.w.org\/{rel}","templated":true}]}}