{"id":103,"date":"2020-05-28T23:02:25","date_gmt":"2020-05-28T23:02:25","guid":{"rendered":"http:\/\/icee-mexico.com\/?page_id=103"},"modified":"2020-06-30T22:27:43","modified_gmt":"2020-06-30T22:27:43","slug":"bienvenido-a-icee","status":"publish","type":"page","link":"https:\/\/icee-mexico.com\/index.php\/bienvenido-a-icee\/","title":{"rendered":"\u00a1Bienvenido a ICEE!"},"content":{"rendered":"<p><img loading=\"lazy\" decoding=\"async\" width=\"1000\" height=\"527\" src=\"http:\/\/icee-mexico.com\/wp-content\/uploads\/2020\/06\/Logo-ICEE-big.png\" alt=\"\" srcset=\"http:\/\/icee-mexico.com\/wp-content\/uploads\/2020\/06\/Logo-ICEE-big.png 1000w, http:\/\/icee-mexico.com\/wp-content\/uploads\/2020\/06\/Logo-ICEE-big-300x158.png 300w, http:\/\/icee-mexico.com\/wp-content\/uploads\/2020\/06\/Logo-ICEE-big-768x405.png 768w, http:\/\/icee-mexico.com\/wp-content\/uploads\/2020\/06\/Logo-ICEE-big-114x60.png 114w\" sizes=\"auto, (max-width: 1000px) 100vw, 1000px\" \/>\t\t\t\t\t\t\t\t\t\t\t<\/p>\n<h2>\u00bfQui\u00e9nes somos?<\/h2>\n<p style=\"text-align: left;\">El <strong>Instituto De Capacitaci\u00f3n Educativa Especializada, S.C., ICEE<\/strong> es una entidad educativa conformada por un grupo interdisciplinario de profesionistas, que est\u00e1 legalmente constituida como Sociedad Civil.<\/p>\n<p style=\"text-align: left;\">Contamos con diplomados, cursos y\u00a0 talleres especializados, todos relacionados a la atenci\u00f3n, el cuidado , y el desarrollo integral de ni\u00f1os y adolescentes, asimismo, brindamos servicios encaminados a favorecer la educaci\u00f3n, el cuidado asistencial (alimentaci\u00f3n, higiene, vestido y sue\u00f1o) y\u00a0 el desarrollo integral de la familia (f\u00edsico, mental\u00a0 y emocional).<\/p>\n<p style=\"text-align: left;\">Nuestros diplomados y cursos cuentan con el registro de la Secretar\u00eda del Trabajo y Previsi\u00f3n Social (STPS) y est\u00e1n\u00a0 en tr\u00e1mite para ser avalados por la Universidad Nacional Aut\u00f3noma de M\u00e9xico (UNAM).<\/p>\n<p style=\"text-align: left;\"><strong>ICEE<\/strong>, tiene como objeto social brindar educaci\u00f3n, atenci\u00f3n, capacitaci\u00f3n, asesor\u00eda y\u00a0 actualizaci\u00f3n a profesionistas, personal t\u00e9cnico y padres de familia, relacionados con el cuidado, atenci\u00f3n y educaci\u00f3n neonatal, infantil y de adolescentes.<\/p>\n<p style=\"text-align: left;\">Cabe se\u00f1alar que estamos facultados para establecer\u00a0 alianzas estrat\u00e9gicas o sociedades comerciales, con personas que tienen intereses a fines a los nuestros para duplicar nuestro modelo de negocio y que est\u00e1n solicitando a <strong>ICEE<\/strong> asesoramiento e intervenci\u00f3n administrativa para la apertura de sus institutos, los cuales podr\u00e1n\u00a0 llevar o no nuestra Raz\u00f3n Social, pero s\u00ed se especificar\u00e1 que son derivados de <strong>ICEE<\/strong><em> y <\/em>aparecer\u00e1n anunciados en nuestra p\u00e1gina web como sucursales.<\/p>\n<p style=\"text-align: left;\">As\u00ed tambi\u00e9n podemos brindar asesor\u00eda y capacitaci\u00f3n en programas de atenci\u00f3n a madres gestantes, estimulaci\u00f3n temprana de 2 meses a 2 a\u00f1os 11 meses, psicomotricidad de 3 a 6 a\u00f1os.\u00a0<\/p>\n<p style=\"text-align: left;\">Asimismo, tenemos la intenci\u00f3n de ser distribuidores minoristas y mayoristas de material did\u00e1ctico para estimulaci\u00f3n temprana, guarder\u00edas y preescolares;\u00a0 ofreceremos, estar\u00e1 anunciada en una tienda virtual o en un cat\u00e1logo dentro de nuestra p\u00e1gina web. Nuestra intenci\u00f3n futura es vender nuestra propia marca de material did\u00e1ctico.<\/p>\n<h2>Relevancia de nuestro proyecto<\/h2>\n<p style=\"text-align: left;\">En la actualidad cada d\u00eda m\u00e1s mam\u00e1s se incorporan al mercado laboral y\/o cada vez es mayor la consciencia de los padres de \u00a0que los primeros a\u00f1os de vida de un ni\u00f1o son decisivos en su formaci\u00f3n futura, raz\u00f3n por la que surge la necesidad de brindarles a sus hijos las oportunidades para un mejor desarrollo, sin embargo, a nivel nacional,\u00a0 los lugares o centros especializados en atenci\u00f3n infantil, no son suficientes para cubrir la demanda\u00a0 o no ofrecen la calidad y el profesionalismo que nuestros hijos requieren, por lo que es necesario la creaci\u00f3n de m\u00e1s\u00a0 centros de desarrollo infantil que cubran las verdaderas necesidades e intereses de los padres, e instancias para capacitar al personal que se encuentra a cargo del cuidado y educaci\u00f3n de\u00a0 los infantes.<\/p>\n<p style=\"text-align: left;\">\u00a0En resumen, si los ni\u00f1os reciben los est\u00edmulos adecuados\u00a0 en tiempo y forma, en un espacio y con personal capacitado, adem\u00e1s de\u00a0 detectar de manera oportuna factores de riesgo en su crecimiento para minimizarlos, se favorecer\u00e1n sus procesos de aprendizaje futuros, por lo que, es de primordial importancia contar con centros\u00a0 para la aplicaci\u00f3n\u00a0 de\u00a0 programas que potencialicen\u00a0 todas y cada una de las \u00e1reas de desarrollo de los ni\u00f1os, motor (fino y grueso), perceptivo-cognitivo, del lenguaje y afectivo-social; con la creaci\u00f3n de nuevos centros.<\/p>\n<h2>El Instituto de Capacitaci\u00f3n<\/h2>\n<p style=\"text-align: left;\">Ofrecemos formaci\u00f3n y asesor\u00eda en know how, diplomados, cursos y talleres, relacionados a la atenci\u00f3n, cuidado, educaci\u00f3n, y desarrollo integral del ni\u00f1o de 0 a 12 a\u00f1os de edad, dirigidos a profesionistas y t\u00e9cnicos enfocados en el cuidado y la atenci\u00f3n de los ni\u00f1os (asistentes educativos, puericultistas, auxiliares educativos), lic. En educaci\u00f3n preescolar, m\u00e9dicos, enfermeras, pedagogos, psic\u00f3logos, terapeutas f\u00edsicos, terapeutas ocupacionales, terapeutas del lenguaje, as\u00ed como personal de estancias infantiles relacionadas con el cuidado y desarrollo de ni\u00f1os de 0 a 6 a\u00f1os y personas interesadas en la tem\u00e1tica.<\/p>\n<p>\t\t\t<a href=\"http:\/\/icee-mexico.com\/index.php\/bienvenido-a-icee\/equipo-icee\/\" role=\"button\"><br \/>\n\t\t\t\t\t\t\u00a1Conoce nuestro equipo!<br \/>\n\t\t\t\t\t<\/a><\/p>\n","protected":false},"excerpt":{"rendered":"<p>\u00bfQui\u00e9nes somos? El Instituto De Capacitaci\u00f3n Educativa Especializada, S.C., ICEE es una entidad educativa conformada por un grupo interdisciplinario de profesionistas, que est\u00e1 legalmente constituida como Sociedad Civil. Contamos con diplomados, cursos y\u00a0 talleres especializados, todos relacionados a la atenci\u00f3n, el cuidado , y el desarrollo integral de ni\u00f1os y adolescentes, asimismo, brindamos servicios encaminados &hellip; <\/p>\n","protected":false},"author":1,"featured_media":0,"parent":0,"menu_order":0,"comment_status":"closed","ping_status":"closed","template":"elementor_header_footer","meta":{"footnotes":""},"class_list":["post-103","page","type-page","status-publish","hentry"],"_links":{"self":[{"href":"https:\/\/icee-mexico.com\/index.php\/wp-json\/wp\/v2\/pages\/103","targetHints":{"allow":["GET"]}}],"collection":[{"href":"https:\/\/icee-mexico.com\/index.php\/wp-json\/wp\/v2\/pages"}],"about":[{"href":"https:\/\/icee-mexico.com\/index.php\/wp-json\/wp\/v2\/types\/page"}],"author":[{"embeddable":true,"href":"https:\/\/icee-mexico.com\/index.php\/wp-json\/wp\/v2\/users\/1"}],"replies":[{"embeddable":true,"href":"https:\/\/icee-mexico.com\/index.php\/wp-json\/wp\/v2\/comments?post=103"}],"version-history":[{"count":13,"href":"https:\/\/icee-mexico.com\/index.php\/wp-json\/wp\/v2\/pages\/103\/revisions"}],"predecessor-version":[{"id":625,"href":"https:\/\/icee-mexico.com\/index.php\/wp-json\/wp\/v2\/pages\/103\/revisions\/625"}],"wp:attachment":[{"href":"https:\/\/icee-mexico.com\/index.php\/wp-json\/wp\/v2\/media?parent=103"}],"curies":[{"name":"wp","href":"https:\/\/api.w.org\/{rel}","templated":true}]}}